{"id":167,"date":"2025-07-10T02:08:58","date_gmt":"2025-07-10T02:08:58","guid":{"rendered":"https:\/\/ildeltagroup.com\/?page_id=167"},"modified":"2025-07-14T06:17:36","modified_gmt":"2025-07-14T06:17:36","slug":"%d8%aa%d8%b4%d9%8a-%d8%b3%d9%8a%d8%a7%d9%85%d9%88","status":"publish","type":"page","link":"https:\/\/ildeltagroup.com\/ar\/%d8%aa%d8%b4%d9%8a-%d8%b3%d9%8a%d8%a7%d9%85%d9%88\/","title":{"rendered":"\u0646\u0628\u0630\u0629 \u0639\u0646\u0627"},"content":{"rendered":"<section class=\"bde-section-167-121 bde-section\">\n              \n  \n  \n\t    \n      <div class=\"section-background-video\">\n              <video\n          autoplay\n muted\n loop\n>\n        <source src=\"https:\/\/ildeltagroup.com\/wp-content\/uploads\/2025\/07\/cauajdg3ntu2zwzllwrhywitndfkzc1intu1lwu.mp4\" type=\"video\/mp4\" \/>\n      <\/video>\n      <\/div>\n\n\n  <div class=\"section-background-overlay\"><\/div>\n\n\n<div class=\"section-container\"><div class=\"bde-text-167-122 bde-text\">\n\u0645\u062c\u0645\u0648\u0639\u0629 \u0625\u064a\u0644\u062f\u0644\u062a\u0627\u063a\u0631\u0648\u0628\n<\/div><h1 class=\"bde-heading-167-123 bde-heading\">\n\u062c\u0633\u0631 \u062a\u062c\u0627\u0631\u064a <br>\u0631\u0628\u0637 \u0625\u064a\u0637\u0627\u0644\u064a\u0627 \u0628\u0627\u0644\u0623\u0633\u0648\u0627\u0642 \u0627\u0644\u0639\u0631\u0628\u064a\u0629.\n<\/h1><div class=\"bde-text-167-124 bde-text\">\n\u0646\u062d\u0646 \u0646\u0631\u0628\u0637 \u0627\u0644\u0645\u0635\u0627\u0646\u0639 \u0627\u0644\u0625\u064a\u0637\u0627\u0644\u064a\u0629 \u0628\u0627\u0644\u0634\u0631\u0643\u0627\u062a \u0627\u0644\u0639\u0631\u0628\u064a\u0629 \u0644\u0627\u0633\u062a\u064a\u0631\u0627\u062f \u0623\u062c\u0648\u062f \u0627\u0644\u0645\u0646\u062a\u062c\u0627\u062a \u0627\u0644\u063a\u0630\u0627\u0626\u064a\u0629 \u0648\u0627\u0644\u0635\u0646\u0627\u0639\u064a\u0629.<br>\u0646\u062d\u0646 \u0646\u0642\u062f\u0645 \u062d\u0644\u0648\u0644\u0627\u064b \u0644\u0648\u062c\u0633\u062a\u064a\u0629 \u0645\u062a\u0643\u0627\u0645\u0644\u0629 \u0648\u062c\u0648\u062f\u0629 \u0627\u0633\u062a\u062b\u0646\u0627\u0626\u064a\u0629 \u062d\u062a\u0649 \u062a\u0635\u0644 \u0628\u0636\u0627\u0626\u0639\u0643 \u0625\u0644\u0649 \u0627\u0644\u0633\u0648\u0642 \u0627\u0644\u0639\u0631\u0628\u064a\u0629 \u0628\u0633\u0647\u0648\u0644\u0629 \u0648\u0633\u0631\u0639\u0629.\n<\/div><\/div>\n<\/section><section class=\"bde-section-167-125 bde-section\">\n  \n  \n\t\n\n\n\n<div class=\"section-container\"><div class=\"bde-columns-167-126 bde-columns\"><div class=\"bde-column-167-127 bde-column\">\n  \n  \n\t\n\n\n\n<div class=\"bde-image-167-128 bde-image\">\n<figure class=\"breakdance-image breakdance-image--497\">\n\t<div class=\"breakdance-image-container\">\n\t\t<div class=\"breakdance-image-clip\"><img loading=\"lazy\" decoding=\"async\" class=\"breakdance-image-object\" src=\"https:\/\/ildeltagroup.com\/wp-content\/uploads\/2025\/07\/photo1.png\" width=\"965\" height=\"1024\" srcset=\"https:\/\/ildeltagroup.com\/wp-content\/uploads\/2025\/07\/photo1.png 965w, https:\/\/ildeltagroup.com\/wp-content\/uploads\/2025\/07\/photo1-283x300.png 283w, https:\/\/ildeltagroup.com\/wp-content\/uploads\/2025\/07\/photo1-768x815.png 768w, https:\/\/ildeltagroup.com\/wp-content\/uploads\/2025\/07\/photo1-11x12.png 11w\" sizes=\"auto, (max-width: 965px) 100vw, 965px\"><\/div>\n\t<\/div><\/figure>\n\n<\/div><div class=\"bde-div-167-129 bde-div\">\n  \n  \n\t\n\n\n\n<div class=\"bde-blockquote-167-130 bde-blockquote\">\n      <p class=\"inline-text_blockquote-icon\"><span class=\"blockquote-icon\"><svg xmlns=\"http:\/\/www.w3.org\/2000\/svg\" id=\"icon-quotes-left\" viewbox=\"0 0 32 32\">\r\n<path d=\"M7.031 14c3.866 0 7 3.134 7 7s-3.134 7-7 7-7-3.134-7-7l-0.031-1c0-7.732 6.268-14 14-14v4c-2.671 0-5.182 1.040-7.071 2.929-0.364 0.364-0.695 0.751-0.995 1.157 0.357-0.056 0.724-0.086 1.097-0.086zM25.031 14c3.866 0 7 3.134 7 7s-3.134 7-7 7-7-3.134-7-7l-0.031-1c0-7.732 6.268-14 14-14v4c-2.671 0-5.182 1.040-7.071 2.929-0.364 0.364-0.695 0.751-0.995 1.157 0.358-0.056 0.724-0.086 1.097-0.086z\"\/>\r\n<\/svg><\/span>\u064a\u0628\u062f\u0648 \u0627\u0644\u0623\u0645\u0631 \u0643\u0645\u0627 \u0644\u0648 \u0643\u0627\u0646 \u0628\u0627\u0644\u0623\u0645\u0633\u060c \u0648\u0644\u0643\u0646 \u0645\u0631\u062a \u0628\u0636\u0639 \u0633\u0646\u0648\u0627\u062a \u0628\u0627\u0644\u0641\u0639\u0644 \u0645\u0646\u0630 \u0630\u0644\u0643 \u0627\u0644\u064a\u0648\u0645 \u0627\u0644\u0645\u0645\u064a\u0632 \u0627\u0644\u0630\u064a \u0627\u0644\u062a\u0642\u062a \u0641\u064a\u0647 \u0634\u0631\u0643\u062a\u0646\u0627 \u0628\u0648\u0632\u064a\u0631 \u0627\u0644\u0635\u0646\u0627\u0639\u0629 \u0627\u0644\u0645\u0635\u0631\u064a (\u0637\u0627\u0631\u0642 \u0642\u0627\u0628\u064a\u0644#) \u0645\u0639 \u0627\u0644\u062a\u0645\u062b\u064a\u0644 \u0627\u0644\u062f\u0628\u0644\u0648\u0645\u0627\u0633\u064a \u0627\u0644\u0625\u064a\u0637\u0627\u0644\u064a \u0641\u064a \u0645\u0635\u0631.  \u0644\u062d\u0638\u0629 \u0634\u0643\u0644\u062a \u0639\u0644\u0627\u0645\u0629 \u0641\u0627\u0631\u0642\u0629 \u0641\u064a \u0645\u0647\u0645\u062a\u0646\u0627 \u0644\u062c\u0644\u0628 \u0635\u0646\u0639 \u0641\u064a \u0625\u064a\u0637\u0627\u0644\u064a\u0627 \ud83c\uddee\ud83c\uddf9 \u0625\u0644\u0649 \u0627\u0644\u0639\u0627\u0644\u0645 \u0627\u0644\u0639\u0631\u0628\u064a.<\/p>\n  \n<\/div><div class=\"bde-text-167-131 bde-text\">\n\u0648\u0627\u0644\u064a\u0648\u0645\u060c \u0646\u0646\u0638\u0631 \u0625\u0644\u0649 \u0627\u0644\u0645\u0627\u0636\u064a \u0628\u0643\u0644 \u0641\u062e\u0631 \u0648\u0646\u062a\u0637\u0644\u0639 \u0625\u0644\u0649 \u0627\u0644\u0645\u0633\u062a\u0642\u0628\u0644 \u0628\u0643\u0644 \u062d\u0645\u0627\u0633. <br>. \u0646\u0648\u0627\u0635\u0644 \u0645\u0639\u0627\u064b\u060c \u0648\u0628\u0646\u0641\u0633 \u0627\u0644\u0634\u063a\u0641\u060c \u0628\u0646\u0627\u0621 \u0627\u0644\u062c\u0633\u0648\u0631 \u0628\u064a\u0646 \u0627\u0644\u062b\u0642\u0627\u0641\u0627\u062a \u0648\u0627\u0644\u0623\u0633\u0648\u0627\u0642\u060c \u0645\u0645\u0627 \u064a\u062c\u0639\u0644 \u0627\u0644\u062a\u0645\u064a\u0632 \u0627\u0644\u0625\u064a\u0637\u0627\u0644\u064a \u064a\u062a\u0623\u0644\u0642 \u0639\u0644\u0649 \u0627\u0644\u0633\u0627\u062d\u0629 \u0627\u0644\u062f\u0648\u0644\u064a\u0629.<br>\n<\/div><div class=\"bde-button-167-132 bde-button\">\n    \n                                    \n    \n    \n    \n    \n            \n            <button type=\"button\" class=\"button-atom button-atom--primary bde-button__button\"  >\n    \n        <span class=\"button-atom__text\">\u0627\u062a\u0635\u0644 \u0628\u0646\u0627<\/span>\n\n        \n        \n            <\/button>\n    \n\n\n<\/div>\n<\/div>\n<\/div><div class=\"bde-column-167-133 bde-column\">\n  \n  \n\t\n\n\n\n<div class=\"bde-text-167-134 bde-text\">\n\u0645\u062c\u0645\u0648\u0639\u0629 \u062f\u0644\u062a\u0627\n<\/div><h2 class=\"bde-heading-167-135 bde-heading\">\n\u0648\u0631\u0627\u0621 \u0643\u0644 \u0634\u0631\u0643\u0629 \u0646\u0627\u062c\u062d\u0629 \u0645\u062f\u064a\u0631 \u0646\u0627\u062c\u062d.\n<\/h2><div class=\"bde-text-167-136 bde-text\">\n\u064a\u062a\u0645\u062a\u0639 \u0627\u0644\u0645\u062f\u064a\u0631 \u0627\u0644\u0625\u062f\u0627\u0631\u064a \u0628\u062e\u0628\u0631\u0629 \u062a\u0632\u064a\u062f \u0639\u0646 20 \u0639\u0627\u0645\u0627\u064b \u0641\u064a \u0645\u062c\u0627\u0644 \u0627\u0644\u0631\u0648\u0627\u0628\u0637 \u0627\u0644\u062a\u062c\u0627\u0631\u064a\u0629 \u0628\u064a\u0646 \u0625\u064a\u0637\u0627\u0644\u064a\u0627 \u0648\u0627\u0644\u0623\u0633\u0648\u0627\u0642 \u0627\u0644\u0639\u0631\u0628\u064a\u0629\u060c \u062d\u064a\u062b \u0642\u0627\u062f \u0627\u0644\u0639\u062f\u064a\u062f \u0645\u0646 \u0645\u0634\u0627\u0631\u064a\u0639 \u0627\u0644\u0627\u0633\u062a\u064a\u0631\u0627\u062f \u0648\u0627\u0644\u062a\u0635\u062f\u064a\u0631 \u0627\u0644\u0646\u0627\u062c\u062d\u0629.<br>\u0648\u0642\u062f \u0627\u0645\u062a\u062f\u062a \u062e\u0628\u0631\u062a\u0647\u0627 \u0644\u062a\u0634\u0645\u0644 \u0627\u0644\u0644\u0648\u0627\u0626\u062d \u0627\u0644\u0644\u0648\u062c\u0633\u062a\u064a\u0629 \u0648\u0627\u0644\u062c\u0645\u0631\u0643\u064a\u0629 \u0627\u0644\u0645\u062a\u0642\u062f\u0645\u0629 \u0641\u064a \u0643\u0644\u0627 \u0627\u0644\u0628\u0644\u062f\u064a\u0646\u060c \u0645\u0645\u0627 \u064a\u0636\u0645\u0646 \u0633\u064a\u0631 \u0627\u0644\u0639\u0645\u0644\u064a\u0627\u062a \u0628\u0633\u0644\u0627\u0633\u0629 \u0648\u0643\u0641\u0627\u0621\u0629.<br>\u0648\u0628\u0641\u0636\u0644 \u062e\u0628\u0631\u062a\u0647\u0627 \u0627\u0644\u062b\u0642\u0627\u0641\u064a\u0629 \u0627\u0644\u063a\u0646\u064a\u0629\u060c \u0641\u0647\u064a \u062a\u062c\u0645\u0639 \u0628\u064a\u0646 \u0627\u0644\u0641\u0647\u0645 \u0627\u0644\u0639\u0645\u064a\u0642 \u0644\u0644\u062a\u0642\u0627\u0644\u064a\u062f \u0627\u0644\u0639\u0631\u0628\u064a\u0629 \u0648\u0627\u0644\u0625\u064a\u0637\u0627\u0644\u064a\u0629 \u0648\u062a\u0639\u0632\u064a\u0632 \u0627\u0644\u062a\u0639\u0627\u0648\u0646 \u0648\u062a\u0648\u0637\u064a\u062f \u0627\u0644\u0634\u0631\u0627\u0643\u0627\u062a.<br>\u0648\u0647\u0648 \u064a\u062a\u062d\u062f\u062b \u0627\u0644\u0644\u063a\u062a\u064a\u0646 \u0627\u0644\u0639\u0631\u0628\u064a\u0629 \u0648\u0627\u0644\u0625\u064a\u0637\u0627\u0644\u064a\u0629 \u0628\u0637\u0644\u0627\u0642\u0629\u060c \u0645\u0645\u0627 \u064a\u0636\u0645\u0646 \u0627\u0644\u062a\u0648\u0627\u0635\u0644 \u0627\u0644\u0645\u0628\u0627\u0634\u0631 \u0648\u0627\u0644\u0648\u0627\u0636\u062d \u0645\u0639 \u062c\u0645\u064a\u0639 \u0627\u0644\u0623\u0637\u0631\u0627\u0641 \u0627\u0644\u0645\u0639\u0646\u064a\u0629 \u0648\u062a\u0639\u0632\u064a\u0632 \u062b\u0642\u0629 \u0627\u0644\u0639\u0645\u0644\u0627\u0621.\n<\/div><div class=\"bde-image-167-137 bde-image\">\n<figure class=\"breakdance-image breakdance-image--498\">\n\t<div class=\"breakdance-image-container\">\n\t\t<div class=\"breakdance-image-clip\"><img loading=\"lazy\" decoding=\"async\" class=\"breakdance-image-object\" src=\"https:\/\/ildeltagroup.com\/wp-content\/uploads\/2025\/07\/photo2.png\" width=\"898\" height=\"1118\" srcset=\"https:\/\/ildeltagroup.com\/wp-content\/uploads\/2025\/07\/photo2.png 898w, https:\/\/ildeltagroup.com\/wp-content\/uploads\/2025\/07\/photo2-241x300.png 241w, https:\/\/ildeltagroup.com\/wp-content\/uploads\/2025\/07\/photo2-822x1024.png 822w, https:\/\/ildeltagroup.com\/wp-content\/uploads\/2025\/07\/photo2-768x956.png 768w, https:\/\/ildeltagroup.com\/wp-content\/uploads\/2025\/07\/photo2-10x12.png 10w\" sizes=\"auto, (max-width: 898px) 100vw, 898px\"><\/div>\n\t<\/div><\/figure>\n\n<\/div>\n<\/div><\/div><\/div>\n<\/section><section class=\"bde-section-167-138 bde-section\">\n  \n  \n\t\n\n\n\n<div class=\"section-container\"><div class=\"bde-columns-167-139 bde-columns\"><div class=\"bde-column-167-140 bde-column\">\n  \n  \n\t\n\n\n\n<div class=\"bde-text-167-141 bde-text\">\n\u062e\u062f\u0645\u0627\u062a\u0646\u0627\n<\/div><h2 class=\"bde-heading-167-142 bde-heading\">\n\u0641\u0631\u0635 \u0627\u0644\u062a\u0648\u0633\u0639 \u0627\u0644\u062a\u062c\u0627\u0631\u064a \u0627\u0644\u0625\u064a\u0637\u0627\u0644\u064a \u0627\u0644\u0639\u0631\u0628\u064a\n<\/h2><div class=\"bde-text-167-143 bde-text\">\n\u0644\u0644\u0627\u0646\u0636\u0645\u0627\u0645 \u0625\u0644\u064a\u0646\u0627 \u0648\u0627\u0633\u062a\u062b\u0645\u0627\u0631 \u0647\u0630\u0647 \u0627\u0644\u0641\u0631\u0635 \u0641\u064a \u062a\u062c\u0627\u0631\u0629 \u0633\u0644\u0633\u0629 \u0648\u0645\u0631\u0628\u062d\u0629\u060c \u0627\u062a\u0635\u0644 \u0628\u0646\u0627 \u0627\u0644\u064a\u0648\u0645!\n<\/div><div class=\"bde-button-167-144 bde-button\">\n    \n                                    \n    \n    \n    \n    \n            \n                    \n            \n            \n\n    \n    \n    \n    \n    \n    <a class=\"breakdance-link button-atom button-atom--primary bde-button__button\" href=\"\/ar\/%d8%a7%d9%84%d9%86%d9%85%d9%88%d8%b0%d8%ac\/\" target=\"_self\" data-type=\"url\"  >\n\n    \n        <span class=\"button-atom__text\">\u0627\u0644\u0648\u062d\u062f\u0629 \u0627\u0644\u0646\u0645\u0637\u064a\u0629<\/span>\n\n        \n        \n                <\/a>\n\n    \n\n\n<\/div>\n<\/div><div class=\"bde-column-167-145 bde-column\">\n  \n  \n\t\n\n\n\n<div class=\"bde-div-167-146 bde-div\">\n  \n  \n\t\n\n\n\n<div class=\"bde-simple-counter-167-147 bde-simple-counter\">\n<div class=\"bde-simple-counter__wrapper\">\n  <p class=\"bde-simple-counter__number bde-h6\">\n    <span class=\"bde-simple-counter__prefix\"><\/span>\n    <span class=\"bde-simple-counter__digit js-digit\"><\/span>\n    <span class=\"bde-simple-counter__suffix\">+<\/span>\n  <\/p>\n  <\/div>\n\n<\/div><div class=\"bde-div-167-148 bde-div\">\n  \n  \n\t\n\n\n\n<h3 class=\"bde-heading-167-149 bde-heading\">\n\u0639\u0645\u0644\u0627\u0621 \u0631\u0627\u0636\u0648\u0646\n<\/h3><div class=\"bde-text-167-150 bde-text\">\nLorem ipsum dolor sit amet consectetur. Fusce molestie ipsus ipsum risus ultricies est justo amet. Augue enim sed ultrices.\n<\/div>\n<\/div>\n<\/div><div class=\"bde-div-167-151 bde-div\">\n  \n  \n\t\n\n\n\n<div class=\"bde-simple-counter-167-152 bde-simple-counter\">\n<div class=\"bde-simple-counter__wrapper\">\n  <p class=\"bde-simple-counter__number bde-h6\">\n    <span class=\"bde-simple-counter__prefix\"><\/span>\n    <span class=\"bde-simple-counter__digit js-digit\"><\/span>\n    <span class=\"bde-simple-counter__suffix\">+<\/span>\n  <\/p>\n  <\/div>\n\n<\/div><div class=\"bde-div-167-153 bde-div\">\n  \n  \n\t\n\n\n\n<h3 class=\"bde-heading-167-154 bde-heading\">\n\u0627\u0644\u0645\u0634\u0627\u0631\u064a\u0639 \u0627\u0644\u0645\u0646\u062c\u0632\u0629\n<\/h3><div class=\"bde-text-167-155 bde-text\">\nLorem ipsum dolor sit amet consectetur. Fusce molestie ipsus ipsum risus ultricies est justo amet. Augue enim sed ultrices.\n<\/div>\n<\/div>\n<\/div>\n<\/div><\/div><\/div>\n<\/section>","protected":false},"excerpt":{"rendered":"<p>Ildeltagroup Un ponte commerciale che collega l\u2019Italia ai mercati arabi. Mettiamo in collegamento le fabbriche italiane con le aziende arabe per importare i prodotti alimentari e industriali pi\u00f9 pregiati.Offriamo soluzioni logistiche integrate e qualit\u00e0 eccezionale affinch\u00e9 le vostre merci arrivino nel mercato arabo con semplicit\u00e0 e rapidit\u00e0. Sembra ieri, ma sono gi\u00e0 passati alcuni anni [&hellip;]<\/p>","protected":false},"author":1,"featured_media":76,"parent":0,"menu_order":0,"comment_status":"closed","ping_status":"closed","template":"","meta":{"_acf_changed":false,"footnotes":""},"class_list":["post-167","page","type-page","status-publish","has-post-thumbnail","hentry"],"acf":[],"_links":{"self":[{"href":"https:\/\/ildeltagroup.com\/ar\/wp-json\/wp\/v2\/pages\/167","targetHints":{"allow":["GET"]}}],"collection":[{"href":"https:\/\/ildeltagroup.com\/ar\/wp-json\/wp\/v2\/pages"}],"about":[{"href":"https:\/\/ildeltagroup.com\/ar\/wp-json\/wp\/v2\/types\/page"}],"author":[{"embeddable":true,"href":"https:\/\/ildeltagroup.com\/ar\/wp-json\/wp\/v2\/users\/1"}],"replies":[{"embeddable":true,"href":"https:\/\/ildeltagroup.com\/ar\/wp-json\/wp\/v2\/comments?post=167"}],"version-history":[{"count":16,"href":"https:\/\/ildeltagroup.com\/ar\/wp-json\/wp\/v2\/pages\/167\/revisions"}],"predecessor-version":[{"id":874,"href":"https:\/\/ildeltagroup.com\/ar\/wp-json\/wp\/v2\/pages\/167\/revisions\/874"}],"wp:featuredmedia":[{"embeddable":true,"href":"https:\/\/ildeltagroup.com\/ar\/wp-json\/wp\/v2\/media\/76"}],"wp:attachment":[{"href":"https:\/\/ildeltagroup.com\/ar\/wp-json\/wp\/v2\/media?parent=167"}],"curies":[{"name":"wp","href":"https:\/\/api.w.org\/{rel}","templated":true}]}}